{"id":25,"date":"2022-10-17T09:10:34","date_gmt":"2022-10-17T09:10:34","guid":{"rendered":"https:\/\/www.haagsondernemershuis.nl\/?page_id=25"},"modified":"2023-06-19T11:46:41","modified_gmt":"2023-06-19T11:46:41","slug":"service-centrum","status":"publish","type":"page","link":"https:\/\/www.haagsondernemershuis.nl\/index.php\/service-centrum\/","title":{"rendered":"Service Centrum"},"content":{"rendered":"\t\t<div data-elementor-type=\"wp-page\" data-elementor-id=\"25\" class=\"elementor elementor-25\">\n\t\t\t\t\t\t<section class=\"elementor-section elementor-top-section elementor-element elementor-element-2a45da4 elementor-section-boxed elementor-section-height-default elementor-section-height-default\" data-id=\"2a45da4\" data-element_type=\"section\">\n\t\t\t\t\t\t<div class=\"elementor-container elementor-column-gap-default\">\n\t\t\t\t\t<div class=\"elementor-column elementor-col-50 elementor-top-column elementor-element elementor-element-5130339\" data-id=\"5130339\" data-element_type=\"column\">\n\t\t\t<div class=\"elementor-widget-wrap elementor-element-populated\">\n\t\t\t\t\t\t<div class=\"elementor-element elementor-element-f075226 elementor-widget elementor-widget-text-editor\" data-id=\"f075226\" data-element_type=\"widget\" data-widget_type=\"text-editor.default\">\n\t\t\t\t<div class=\"elementor-widget-container\">\n\t\t\t\t\t\t\t\t\t<h2>Financieel Service Centrum voor ZZP&#8217;ers<\/h2>\n<script type=\"text\/javascript\" src=\"https:\/\/signup.ymlp.com\/signup.js?id=gymsjbmgmgub\"><\/script><\/br>\n\n<script type=\"text\/javascript\" src=\"https:\/\/signup.ymlp.com\/signup.js?id=gymsjbmgmguu\"><\/script>\t\t\t\t\t\t\t\t<\/div>\n\t\t\t\t<\/div>\n\t\t\t\t\t<\/div>\n\t\t<\/div>\n\t\t\t\t<div class=\"elementor-column elementor-col-50 elementor-top-column elementor-element elementor-element-caf9af1\" data-id=\"caf9af1\" data-element_type=\"column\">\n\t\t\t<div class=\"elementor-widget-wrap elementor-element-populated\">\n\t\t\t\t\t\t<div class=\"elementor-element elementor-element-207ca92 elementor-widget elementor-widget-text-editor\" data-id=\"207ca92\" data-element_type=\"widget\" data-widget_type=\"text-editor.default\">\n\t\t\t\t<div class=\"elementor-widget-container\">\n\t\t\t\t\t\t\t\t\t<h2>E\u00e9n loket voor financi\u00eble hulp en ondersteuning<\/h2>\n<p>Uit eigen onderzoek is gebleken dat Haagse ZZP&#8217;ers vooral behoefte hebben aan direct praktische, financi\u00eble ondersteuning en oplossingen in plaats van doorverwijzing.<\/p>\n<p>Daarom start het Haags Ondernemershuis per 1 september 2022 een Financieel Service Centrum voor ZZP&#8217;ers en kleine ondernemers<\/p>\n<p><img fetchpriority=\"high\" decoding=\"async\" class=\"alignnone wp-image-307\" src=\"https:\/\/www.haagsondernemershuis.nl\/wp-content\/uploads\/2022\/10\/Download-744_s800x800-300x141.webp\" alt=\"\" width=\"420\" height=\"197\" srcset=\"https:\/\/www.haagsondernemershuis.nl\/wp-content\/uploads\/2022\/10\/Download-744_s800x800-300x141.webp 300w, https:\/\/www.haagsondernemershuis.nl\/wp-content\/uploads\/2022\/10\/Download-744_s800x800.webp 537w\" sizes=\"(max-width: 420px) 100vw, 420px\" \/><\/p>\n<h2>&nbsp;<\/h2>\n<h2>Waarvoor kun je terecht?<\/h2>\n<p><strong>Quick Scan Winstgevendheid<\/strong><br>Tijdens deze quick-scan bekijken we samen met u als ondernemer de winstgevendheid van uw onderneming<\/p>\n<p>Deze quick scan kost \u20ac 150,00 excl BTW.&nbsp;<\/p>\n<p><strong>Financieel Consult<\/strong><br>\u20ac 75,00 excl BTW per uur. Bel voor een afspraak&nbsp;<\/p>\n<p><strong>Financi\u00eble opleiding &amp; cursus<\/strong><br>Programma Financi\u00eble Intelligentie. <a href=\"https:\/\/www.haagsondernemershuis.nl\/index.php\/financiele-intelligentie\/\"><span style=\"text-decoration: underline; color: #ff0000;\"><br><\/span><\/a><\/p>\n<p><strong>Praktische Financi\u00eble ondersteuning<\/strong><\/p>\n<ul>\n<li>Hulp bij online boekhouden<\/li>\n<li>Verzorgen belastingaangiftes<\/li>\n<li>Opstellen jaarverslagen<\/li>\n<li>Hulp bij financieringsaanvraag<\/li>\n<li>Het op orde brengen van de boekhouding<\/li>\n<li>Hulp bij geldproblemen en schulden (i.s.m. gemeente)<\/li>\n<li>Verloning van medewerkers<\/li>\n<\/ul>\t\t\t\t\t\t\t\t<\/div>\n\t\t\t\t<\/div>\n\t\t\t\t\t<\/div>\n\t\t<\/div>\n\t\t\t\t\t<\/div>\n\t\t<\/section>\n\t\t\t\t<section class=\"elementor-section elementor-top-section elementor-element elementor-element-f733434 elementor-section-full_width elementor-section-height-min-height elementor-section-content-middle elementor-section-stretched elementor-section-height-default elementor-section-items-middle\" data-id=\"f733434\" data-element_type=\"section\" data-settings=\"{&quot;stretch_section&quot;:&quot;section-stretched&quot;,&quot;background_background&quot;:&quot;classic&quot;}\">\n\t\t\t\t\t\t<div class=\"elementor-container elementor-column-gap-no\">\n\t\t\t\t\t<div class=\"elementor-column elementor-col-100 elementor-top-column elementor-element elementor-element-2748c46\" data-id=\"2748c46\" data-element_type=\"column\">\n\t\t\t<div class=\"elementor-widget-wrap elementor-element-populated\">\n\t\t\t\t\t\t<div class=\"elementor-element elementor-element-35d4aea elementor-widget elementor-widget-heading\" data-id=\"35d4aea\" data-element_type=\"widget\" data-widget_type=\"heading.default\">\n\t\t\t\t<div class=\"elementor-widget-container\">\n\t\t\t\t\t<p class=\"elementor-heading-title elementor-size-default\">\u00a9 2022 by Haags Ondernemershuis<\/p>\t\t\t\t<\/div>\n\t\t\t\t<\/div>\n\t\t\t\t\t<\/div>\n\t\t<\/div>\n\t\t\t\t\t<\/div>\n\t\t<\/section>\n\t\t\t\t<footer class=\"elementor-section elementor-top-section elementor-element elementor-element-dba5542 elementor-section-full_width elementor-section-content-middle elementor-section-stretched elementor-section-height-default elementor-section-height-default\" data-id=\"dba5542\" data-element_type=\"section\" data-settings=\"{&quot;stretch_section&quot;:&quot;section-stretched&quot;}\">\n\t\t\t\t\t\t<div class=\"elementor-container elementor-column-gap-no\">\n\t\t\t\t\t<div class=\"elementor-column elementor-col-50 elementor-top-column elementor-element elementor-element-97d1625\" data-id=\"97d1625\" data-element_type=\"column\">\n\t\t\t<div class=\"elementor-widget-wrap elementor-element-populated\">\n\t\t\t\t\t\t<div class=\"elementor-element elementor-element-e6413c9 elementor-icon-list--layout-inline elementor-tablet-align-center elementor-align-center elementor-list-item-link-full_width elementor-widget elementor-widget-icon-list\" data-id=\"e6413c9\" data-element_type=\"widget\" data-widget_type=\"icon-list.default\">\n\t\t\t\t<div class=\"elementor-widget-container\">\n\t\t\t\t\t\t\t<ul class=\"elementor-icon-list-items elementor-inline-items\">\n\t\t\t\t\t\t\t<li class=\"elementor-icon-list-item elementor-inline-item\">\n\t\t\t\t\t\t\t\t\t\t<span class=\"elementor-icon-list-text\">Prinsegracht 46<\/span>\n\t\t\t\t\t\t\t\t\t<\/li>\n\t\t\t\t\t\t\t\t<li class=\"elementor-icon-list-item elementor-inline-item\">\n\t\t\t\t\t\t\t\t\t\t<span class=\"elementor-icon-list-text\">2512 GA Den Haag<\/span>\n\t\t\t\t\t\t\t\t\t<\/li>\n\t\t\t\t\t\t\t\t<li class=\"elementor-icon-list-item elementor-inline-item\">\n\t\t\t\t\t\t\t\t\t\t<span class=\"elementor-icon-list-text\">070-3898186<\/span>\n\t\t\t\t\t\t\t\t\t<\/li>\n\t\t\t\t\t\t\t\t<li class=\"elementor-icon-list-item elementor-inline-item\">\n\t\t\t\t\t\t\t\t\t\t<span class=\"elementor-icon-list-text\">info@haagsondernemershuis.nl<\/span>\n\t\t\t\t\t\t\t\t\t<\/li>\n\t\t\t\t\t\t\t\t<li class=\"elementor-icon-list-item elementor-inline-item\">\n\t\t\t\t\t\t\t\t\t\t\t<a href=\"https:\/\/www.fsczzp.nl\/privacy-verklaring\">\n\n\t\t\t\t\t\t\t\t\t\t\t<span class=\"elementor-icon-list-text\">Privacy verklaring<\/span>\n\t\t\t\t\t\t\t\t\t\t\t<\/a>\n\t\t\t\t\t\t\t\t\t<\/li>\n\t\t\t\t\t\t<\/ul>\n\t\t\t\t\t\t<\/div>\n\t\t\t\t<\/div>\n\t\t\t\t\t<\/div>\n\t\t<\/div>\n\t\t\t\t<div class=\"elementor-column elementor-col-50 elementor-top-column elementor-element elementor-element-ac4dde0\" data-id=\"ac4dde0\" data-element_type=\"column\">\n\t\t\t<div class=\"elementor-widget-wrap elementor-element-populated\">\n\t\t\t\t\t\t<div class=\"elementor-element elementor-element-1cef28c e-grid-align-tablet-right e-grid-align-mobile-center elementor-widget-mobile__width-inherit e-grid-align-right elementor-shape-rounded elementor-grid-0 elementor-widget elementor-widget-social-icons\" data-id=\"1cef28c\" data-element_type=\"widget\" data-widget_type=\"social-icons.default\">\n\t\t\t\t<div class=\"elementor-widget-container\">\n\t\t\t\t\t\t\t<div class=\"elementor-social-icons-wrapper elementor-grid\">\n\t\t\t\t\t\t\t<span class=\"elementor-grid-item\">\n\t\t\t\t\t<a class=\"elementor-icon elementor-social-icon elementor-social-icon-facebook-f elementor-repeater-item-3f1b7ac\" href=\"https:\/\/www.facebook.com\/haagsondernemershuis\/\" target=\"_blank\">\n\t\t\t\t\t\t<span class=\"elementor-screen-only\">Facebook-f<\/span>\n\t\t\t\t\t\t<i class=\"fab fa-facebook-f\"><\/i>\t\t\t\t\t<\/a>\n\t\t\t\t<\/span>\n\t\t\t\t\t\t\t<span class=\"elementor-grid-item\">\n\t\t\t\t\t<a class=\"elementor-icon elementor-social-icon elementor-social-icon-instagram elementor-repeater-item-5c0ce3c\" href=\"https:\/\/www.instagram.com\/haagsondernemershuis\/\" target=\"_blank\">\n\t\t\t\t\t\t<span class=\"elementor-screen-only\">Instagram<\/span>\n\t\t\t\t\t\t<i class=\"fab fa-instagram\"><\/i>\t\t\t\t\t<\/a>\n\t\t\t\t<\/span>\n\t\t\t\t\t\t\t<span class=\"elementor-grid-item\">\n\t\t\t\t\t<a class=\"elementor-icon elementor-social-icon elementor-social-icon-twitter elementor-repeater-item-828f132\" href=\"https:\/\/twitter.com\/haagsondernemen\" target=\"_blank\">\n\t\t\t\t\t\t<span class=\"elementor-screen-only\">Twitter<\/span>\n\t\t\t\t\t\t<i class=\"fab fa-twitter\"><\/i>\t\t\t\t\t<\/a>\n\t\t\t\t<\/span>\n\t\t\t\t\t\t\t<span class=\"elementor-grid-item\">\n\t\t\t\t\t<a class=\"elementor-icon elementor-social-icon elementor-social-icon-linkedin elementor-repeater-item-5e1aa3c\" href=\"https:\/\/www.linkedin.com\/company\/haags-ondernemershuis\/?originalSubdomain=zw\" target=\"_blank\">\n\t\t\t\t\t\t<span class=\"elementor-screen-only\">Linkedin<\/span>\n\t\t\t\t\t\t<i class=\"fab fa-linkedin\"><\/i>\t\t\t\t\t<\/a>\n\t\t\t\t<\/span>\n\t\t\t\t\t\t\t<span class=\"elementor-grid-item\">\n\t\t\t\t\t<a class=\"elementor-icon elementor-social-icon elementor-social-icon-wordpress elementor-repeater-item-668b54a\" target=\"_blank\">\n\t\t\t\t\t\t<span class=\"elementor-screen-only\">WordPress<\/span>\n\t\t\t\t\t\t<i class=\"fab fa-wordpress\"><\/i>\t\t\t\t\t<\/a>\n\t\t\t\t<\/span>\n\t\t\t\t\t<\/div>\n\t\t\t\t\t\t<\/div>\n\t\t\t\t<\/div>\n\t\t\t\t\t<\/div>\n\t\t<\/div>\n\t\t\t\t\t<\/div>\n\t\t<\/footer>\n\t\t\t\t<\/div>\n\t\t","protected":false},"excerpt":{"rendered":"<p>Financieel Service Centrum voor ZZP&#8217;ers E\u00e9n loket voor financi\u00eble hulp en ondersteuning Uit eigen onderzoek is gebleken dat Haagse ZZP&#8217;ers vooral behoefte hebben aan direct praktische, financi\u00eble ondersteuning en oplossingen &#8230;<\/p>\n","protected":false},"author":1,"featured_media":0,"parent":0,"menu_order":0,"comment_status":"closed","ping_status":"closed","template":"template-fullwidth.php","meta":{"footnotes":""},"class_list":["post-25","page","type-page","status-publish","hentry"],"yoast_head":"<!-- This site is optimized with the Yoast SEO plugin v24.1 - https:\/\/yoast.com\/wordpress\/plugins\/seo\/ -->\n<title>Service Centrum - Financieel Service Centrum<\/title>\n<meta name=\"description\" content=\"E\u00e9n financieel loket voor ZZP&#039;ers. Financieel Consult, Cursusprogramma Financi\u00eble Intelligentie voor ZZP&#039;ers en Financi\u00eble diensten zoals belastingaangiftes en boekhouding\" \/>\n<meta name=\"robots\" content=\"index, follow, max-snippet:-1, max-image-preview:large, max-video-preview:-1\" \/>\n<link rel=\"canonical\" href=\"https:\/\/www.haagsondernemershuis.nl\/index.php\/service-centrum\/\" \/>\n<meta property=\"og:locale\" content=\"en_US\" \/>\n<meta property=\"og:type\" content=\"article\" \/>\n<meta property=\"og:title\" content=\"Service Centrum - Financieel Service Centrum\" \/>\n<meta property=\"og:description\" content=\"E\u00e9n financieel loket voor ZZP&#039;ers. Financieel Consult, Cursusprogramma Financi\u00eble Intelligentie voor ZZP&#039;ers en Financi\u00eble diensten zoals belastingaangiftes en boekhouding\" \/>\n<meta property=\"og:url\" content=\"https:\/\/www.haagsondernemershuis.nl\/index.php\/service-centrum\/\" \/>\n<meta property=\"og:site_name\" content=\"Financieel Service Centrum\" \/>\n<meta property=\"article:modified_time\" content=\"2023-06-19T11:46:41+00:00\" \/>\n<meta property=\"og:image\" content=\"https:\/\/www.haagsondernemershuis.nl\/wp-content\/uploads\/2022\/10\/Download-744_s800x800-300x141.webp\" \/>\n<meta name=\"twitter:card\" content=\"summary_large_image\" \/>\n<meta name=\"twitter:label1\" content=\"Est. reading time\" \/>\n\t<meta name=\"twitter:data1\" content=\"2 minutes\" \/>\n<script type=\"application\/ld+json\" class=\"yoast-schema-graph\">{\"@context\":\"https:\/\/schema.org\",\"@graph\":[{\"@type\":\"WebPage\",\"@id\":\"https:\/\/www.haagsondernemershuis.nl\/index.php\/service-centrum\/\",\"url\":\"https:\/\/www.haagsondernemershuis.nl\/index.php\/service-centrum\/\",\"name\":\"Service Centrum - Financieel Service Centrum\",\"isPartOf\":{\"@id\":\"https:\/\/www.haagsondernemershuis.nl\/#website\"},\"primaryImageOfPage\":{\"@id\":\"https:\/\/www.haagsondernemershuis.nl\/index.php\/service-centrum\/#primaryimage\"},\"image\":{\"@id\":\"https:\/\/www.haagsondernemershuis.nl\/index.php\/service-centrum\/#primaryimage\"},\"thumbnailUrl\":\"https:\/\/www.haagsondernemershuis.nl\/wp-content\/uploads\/2022\/10\/Download-744_s800x800-300x141.webp\",\"datePublished\":\"2022-10-17T09:10:34+00:00\",\"dateModified\":\"2023-06-19T11:46:41+00:00\",\"description\":\"E\u00e9n financieel loket voor ZZP'ers. Financieel Consult, Cursusprogramma Financi\u00eble Intelligentie voor ZZP'ers en Financi\u00eble diensten zoals belastingaangiftes en boekhouding\",\"breadcrumb\":{\"@id\":\"https:\/\/www.haagsondernemershuis.nl\/index.php\/service-centrum\/#breadcrumb\"},\"inLanguage\":\"en-US\",\"potentialAction\":[{\"@type\":\"ReadAction\",\"target\":[\"https:\/\/www.haagsondernemershuis.nl\/index.php\/service-centrum\/\"]}]},{\"@type\":\"ImageObject\",\"inLanguage\":\"en-US\",\"@id\":\"https:\/\/www.haagsondernemershuis.nl\/index.php\/service-centrum\/#primaryimage\",\"url\":\"https:\/\/www.haagsondernemershuis.nl\/wp-content\/uploads\/2022\/10\/Download-744_s800x800-300x141.webp\",\"contentUrl\":\"https:\/\/www.haagsondernemershuis.nl\/wp-content\/uploads\/2022\/10\/Download-744_s800x800-300x141.webp\"},{\"@type\":\"BreadcrumbList\",\"@id\":\"https:\/\/www.haagsondernemershuis.nl\/index.php\/service-centrum\/#breadcrumb\",\"itemListElement\":[{\"@type\":\"ListItem\",\"position\":1,\"name\":\"Home\",\"item\":\"https:\/\/www.haagsondernemershuis.nl\/\"},{\"@type\":\"ListItem\",\"position\":2,\"name\":\"Service Centrum\"}]},{\"@type\":\"WebSite\",\"@id\":\"https:\/\/www.haagsondernemershuis.nl\/#website\",\"url\":\"https:\/\/www.haagsondernemershuis.nl\/\",\"name\":\"Financieel Service Centrum\",\"description\":\"Voor ondernemers\",\"publisher\":{\"@id\":\"https:\/\/www.haagsondernemershuis.nl\/#organization\"},\"potentialAction\":[{\"@type\":\"SearchAction\",\"target\":{\"@type\":\"EntryPoint\",\"urlTemplate\":\"https:\/\/www.haagsondernemershuis.nl\/?s={search_term_string}\"},\"query-input\":{\"@type\":\"PropertyValueSpecification\",\"valueRequired\":true,\"valueName\":\"search_term_string\"}}],\"inLanguage\":\"en-US\"},{\"@type\":\"Organization\",\"@id\":\"https:\/\/www.haagsondernemershuis.nl\/#organization\",\"name\":\"Financieel Service Centrum\",\"url\":\"https:\/\/www.haagsondernemershuis.nl\/\",\"logo\":{\"@type\":\"ImageObject\",\"inLanguage\":\"en-US\",\"@id\":\"https:\/\/www.haagsondernemershuis.nl\/#\/schema\/logo\/image\/\",\"url\":\"https:\/\/www.haagsondernemershuis.nl\/wp-content\/uploads\/2022\/10\/hohlogo.png\",\"contentUrl\":\"https:\/\/www.haagsondernemershuis.nl\/wp-content\/uploads\/2022\/10\/hohlogo.png\",\"width\":3994,\"height\":820,\"caption\":\"Financieel Service Centrum\"},\"image\":{\"@id\":\"https:\/\/www.haagsondernemershuis.nl\/#\/schema\/logo\/image\/\"}}]}<\/script>\n<!-- \/ Yoast SEO plugin. -->","yoast_head_json":{"title":"Service Centrum - Financieel Service Centrum","description":"E\u00e9n financieel loket voor ZZP'ers. Financieel Consult, Cursusprogramma Financi\u00eble Intelligentie voor ZZP'ers en Financi\u00eble diensten zoals belastingaangiftes en boekhouding","robots":{"index":"index","follow":"follow","max-snippet":"max-snippet:-1","max-image-preview":"max-image-preview:large","max-video-preview":"max-video-preview:-1"},"canonical":"https:\/\/www.haagsondernemershuis.nl\/index.php\/service-centrum\/","og_locale":"en_US","og_type":"article","og_title":"Service Centrum - Financieel Service Centrum","og_description":"E\u00e9n financieel loket voor ZZP'ers. Financieel Consult, Cursusprogramma Financi\u00eble Intelligentie voor ZZP'ers en Financi\u00eble diensten zoals belastingaangiftes en boekhouding","og_url":"https:\/\/www.haagsondernemershuis.nl\/index.php\/service-centrum\/","og_site_name":"Financieel Service Centrum","article_modified_time":"2023-06-19T11:46:41+00:00","og_image":[{"url":"https:\/\/www.haagsondernemershuis.nl\/wp-content\/uploads\/2022\/10\/Download-744_s800x800-300x141.webp","type":"","width":"","height":""}],"twitter_card":"summary_large_image","twitter_misc":{"Est. reading time":"2 minutes"},"schema":{"@context":"https:\/\/schema.org","@graph":[{"@type":"WebPage","@id":"https:\/\/www.haagsondernemershuis.nl\/index.php\/service-centrum\/","url":"https:\/\/www.haagsondernemershuis.nl\/index.php\/service-centrum\/","name":"Service Centrum - Financieel Service Centrum","isPartOf":{"@id":"https:\/\/www.haagsondernemershuis.nl\/#website"},"primaryImageOfPage":{"@id":"https:\/\/www.haagsondernemershuis.nl\/index.php\/service-centrum\/#primaryimage"},"image":{"@id":"https:\/\/www.haagsondernemershuis.nl\/index.php\/service-centrum\/#primaryimage"},"thumbnailUrl":"https:\/\/www.haagsondernemershuis.nl\/wp-content\/uploads\/2022\/10\/Download-744_s800x800-300x141.webp","datePublished":"2022-10-17T09:10:34+00:00","dateModified":"2023-06-19T11:46:41+00:00","description":"E\u00e9n financieel loket voor ZZP'ers. Financieel Consult, Cursusprogramma Financi\u00eble Intelligentie voor ZZP'ers en Financi\u00eble diensten zoals belastingaangiftes en boekhouding","breadcrumb":{"@id":"https:\/\/www.haagsondernemershuis.nl\/index.php\/service-centrum\/#breadcrumb"},"inLanguage":"en-US","potentialAction":[{"@type":"ReadAction","target":["https:\/\/www.haagsondernemershuis.nl\/index.php\/service-centrum\/"]}]},{"@type":"ImageObject","inLanguage":"en-US","@id":"https:\/\/www.haagsondernemershuis.nl\/index.php\/service-centrum\/#primaryimage","url":"https:\/\/www.haagsondernemershuis.nl\/wp-content\/uploads\/2022\/10\/Download-744_s800x800-300x141.webp","contentUrl":"https:\/\/www.haagsondernemershuis.nl\/wp-content\/uploads\/2022\/10\/Download-744_s800x800-300x141.webp"},{"@type":"BreadcrumbList","@id":"https:\/\/www.haagsondernemershuis.nl\/index.php\/service-centrum\/#breadcrumb","itemListElement":[{"@type":"ListItem","position":1,"name":"Home","item":"https:\/\/www.haagsondernemershuis.nl\/"},{"@type":"ListItem","position":2,"name":"Service Centrum"}]},{"@type":"WebSite","@id":"https:\/\/www.haagsondernemershuis.nl\/#website","url":"https:\/\/www.haagsondernemershuis.nl\/","name":"Financieel Service Centrum","description":"Voor ondernemers","publisher":{"@id":"https:\/\/www.haagsondernemershuis.nl\/#organization"},"potentialAction":[{"@type":"SearchAction","target":{"@type":"EntryPoint","urlTemplate":"https:\/\/www.haagsondernemershuis.nl\/?s={search_term_string}"},"query-input":{"@type":"PropertyValueSpecification","valueRequired":true,"valueName":"search_term_string"}}],"inLanguage":"en-US"},{"@type":"Organization","@id":"https:\/\/www.haagsondernemershuis.nl\/#organization","name":"Financieel Service Centrum","url":"https:\/\/www.haagsondernemershuis.nl\/","logo":{"@type":"ImageObject","inLanguage":"en-US","@id":"https:\/\/www.haagsondernemershuis.nl\/#\/schema\/logo\/image\/","url":"https:\/\/www.haagsondernemershuis.nl\/wp-content\/uploads\/2022\/10\/hohlogo.png","contentUrl":"https:\/\/www.haagsondernemershuis.nl\/wp-content\/uploads\/2022\/10\/hohlogo.png","width":3994,"height":820,"caption":"Financieel Service Centrum"},"image":{"@id":"https:\/\/www.haagsondernemershuis.nl\/#\/schema\/logo\/image\/"}}]}},"_links":{"self":[{"href":"https:\/\/www.haagsondernemershuis.nl\/index.php\/wp-json\/wp\/v2\/pages\/25","targetHints":{"allow":["GET"]}}],"collection":[{"href":"https:\/\/www.haagsondernemershuis.nl\/index.php\/wp-json\/wp\/v2\/pages"}],"about":[{"href":"https:\/\/www.haagsondernemershuis.nl\/index.php\/wp-json\/wp\/v2\/types\/page"}],"author":[{"embeddable":true,"href":"https:\/\/www.haagsondernemershuis.nl\/index.php\/wp-json\/wp\/v2\/users\/1"}],"replies":[{"embeddable":true,"href":"https:\/\/www.haagsondernemershuis.nl\/index.php\/wp-json\/wp\/v2\/comments?post=25"}],"version-history":[{"count":44,"href":"https:\/\/www.haagsondernemershuis.nl\/index.php\/wp-json\/wp\/v2\/pages\/25\/revisions"}],"predecessor-version":[{"id":583,"href":"https:\/\/www.haagsondernemershuis.nl\/index.php\/wp-json\/wp\/v2\/pages\/25\/revisions\/583"}],"wp:attachment":[{"href":"https:\/\/www.haagsondernemershuis.nl\/index.php\/wp-json\/wp\/v2\/media?parent=25"}],"curies":[{"name":"wp","href":"https:\/\/api.w.org\/{rel}","templated":true}]}}